{"id":4592,"date":"2025-10-08T20:57:48","date_gmt":"2025-10-08T20:57:48","guid":{"rendered":"https:\/\/medicalcenter.santarafaela.com.br\/2025\/?page_id=4592"},"modified":"2025-10-08T21:08:59","modified_gmt":"2025-10-08T21:08:59","slug":"exames","status":"publish","type":"page","link":"https:\/\/medicalcenter.santarafaela.com.br\/2025\/exames\/","title":{"rendered":"Exames"},"content":{"rendered":"\t\t<div data-elementor-type=\"wp-page\" data-elementor-id=\"4592\" class=\"elementor elementor-4592\" data-elementor-post-type=\"page\">\n\t\t\t\t<div class=\"elementor-element elementor-element-a4675b5 e-con-full e-flex e-con e-parent\" data-id=\"a4675b5\" data-element_type=\"container\">\n\t\t\t\t<div class=\"elementor-element elementor-element-6acbc54 elementor-widget elementor-widget-html\" data-id=\"6acbc54\" data-element_type=\"widget\" data-widget_type=\"html.default\">\n\t\t\t\t\t<!DOCTYPE html>\r\n<html lang=\"pt-BR\">\r\n<head>\r\n    <meta charset=\"UTF-8\">\r\n    <meta name=\"viewport\" content=\"width=device-width, initial-scale=1.0\">\r\n    <title>Exames - Medical Center Santa Rafaela<\/title>\r\n    <style>\r\n        \/* --- ESTILOS GERAIS --- *\/\r\n        @import url('https:\/\/fonts.googleapis.com\/css2?family=Inter:wght@400;500;700&display=swap');\r\n\r\n        body {\r\n            font-family: 'Inter', sans-serif;\r\n            margin: 0;\r\n            padding: 0;\r\n            color: #334155;\r\n            background-color: #ffffff;\r\n            line-height: 1.7;\r\n        }\r\n\r\n        .container {\r\n            max-width: 1200px;\r\n            margin: 0 auto;\r\n            padding: 4rem 2rem;\r\n        }\r\n\r\n        h1, h2, h3 {\r\n            font-weight: 700;\r\n            color: #0f172a;\r\n            margin-top: 0;\r\n        }\r\n\r\n        \/* --- HERO (T\u00cdTULO PRINCIPAL) --- *\/\r\n        .hero {\r\n            background-color: #f8fafc;\r\n            text-align: center;\r\n            padding: 5rem 2rem;\r\n        }\r\n        .hero h1 {\r\n            font-size: 3.5rem;\r\n            line-height: 1.1;\r\n            margin-bottom: 1rem;\r\n        }\r\n        .hero .subtitle {\r\n            font-size: 1.25rem;\r\n            color: #64748b;\r\n            max-width: 700px;\r\n            margin: 0 auto;\r\n        }\r\n\r\n        \/* --- SE\u00c7\u00c3O DE EXAMES (GRID) --- *\/\r\n        .exams-grid {\r\n            display: grid;\r\n            grid-template-columns: repeat(auto-fill, minmax(280px, 1fr));\r\n            gap: 1.5rem;\r\n        }\r\n\r\n        .exam-card {\r\n            background-color: #ffffff;\r\n            border: 1px solid #e2e8f0;\r\n            border-radius: 12px;\r\n            padding: 2rem;\r\n            transition: transform 0.3s ease, box-shadow 0.3s ease;\r\n            display: flex;\r\n            flex-direction: column;\r\n        }\r\n\r\n        .exam-card:hover {\r\n            transform: translateY(-5px);\r\n            box-shadow: 0 10px 20px rgba(0, 0, 0, 0.07);\r\n        }\r\n\r\n        .exam-card h3 {\r\n            font-size: 1.5rem;\r\n            color: #0f172a;\r\n            margin-bottom: 0.75rem;\r\n        }\r\n\r\n        .exam-card p {\r\n            font-size: 1rem;\r\n            color: #475569;\r\n            flex-grow: 1;\r\n            margin-bottom: 1.5rem;\r\n        }\r\n        \r\n        \/* --- ESTILO PARA OS BOT\u00d5ES DE CONTATO --- *\/\r\n        .card-contact-links {\r\n            display: flex;\r\n            gap: 0.75rem;\r\n        }\r\n\r\n        .card-link-whatsapp, .card-link-instagram {\r\n            flex-grow: 1;\r\n            display: flex;\r\n            align-items: center;\r\n            justify-content: center;\r\n            padding: 0.75rem;\r\n            text-decoration: none;\r\n            font-weight: 700;\r\n            border-radius: 8px;\r\n            transition: background-color 0.3s ease;\r\n        }\r\n\r\n        .card-link-whatsapp {\r\n            background-color: #e0f2f1;\r\n            color: #00796b;\r\n        }\r\n        .card-link-whatsapp:hover {\r\n            background-color: #00796b;\r\n            color: #ffffff;\r\n        }\r\n\r\n        .card-link-instagram {\r\n            background-color: #f3e5f5;\r\n            color: #8e24aa;\r\n        }\r\n        .card-link-instagram:hover {\r\n            background-color: #8e24aa;\r\n            color: #ffffff;\r\n        }\r\n        \r\n        .card-link-whatsapp svg, .card-link-instagram svg {\r\n            margin-right: 8px;\r\n            width: 20px;\r\n            height: 20px;\r\n            fill: currentColor;\r\n        }\r\n    <\/style>\r\n<\/head>\r\n<body>\r\n    \r\n    <header class=\"hero\">\r\n        <h1>Nossos Exames<\/h1>\r\n        <p class=\"subtitle\">Tecnologia e precis\u00e3o para um diagn\u00f3stico completo. Encontre o exame que voc\u00ea precisa e agende com facilidade.<\/p>\r\n    <\/header>\r\n\r\n    <main class=\"container\">\r\n        <div class=\"exams-grid\">\r\n            \r\n            <div class=\"exam-card\">\r\n                <h3>Ultrassonografia Geral<\/h3>\r\n                <p>Exame de imagem n\u00e3o invasivo para visualizar \u00f3rg\u00e3os, tecidos e fluxo sangu\u00edneo em tempo real.<\/p>\r\n                <div class=\"card-contact-links\">\r\n                    <a href=\"https:\/\/wa.me\/5599982349254?text=Ol\u00e1,%20gostaria%20de%20saber%20sobre%20o%20exame%20de%20Ultrassonografia%20Geral.\" target=\"_blank\" class=\"card-link-whatsapp\" title=\"Conversar no WhatsApp\"><svg viewBox=\"0 0 24 24\"><path d=\"M12.04 2C6.58 2 2.13 6.45 2.13 11.91C2.13 13.66 2.59 15.36 3.45 16.86L2.05 22L7.31 20.6C8.75 21.41 10.37 21.88 12.04 21.88C17.5 21.88 21.95 17.43 21.95 11.97C21.95 9.31 20.92 6.8 19.13 4.98C17.33 3.16 14.81 2 12.04 2M9.23 7.53C9.07 7.53 8.82 7.59 8.62 7.89C8.42 8.19 7.82 8.79 7.82 9.91C7.82 11.03 8.62 12.11 8.78 12.27C8.94 12.43 10.16 14.42 12.11 15.23C13.78 15.94 14.04 15.78 14.34 15.72C14.64 15.66 15.61 15.11 15.81 14.5C16.01 13.89 16.01 13.38 15.95 13.28C15.89 13.18 15.73 13.12 15.48 13C15.22 12.88 14.2 12.38 13.95 12.28C13.69 12.18 13.54 12.12 13.38 12.38C13.22 12.64 12.77 13.18 12.62 13.34C12.46 13.5 12.3 13.5 12.04 13.38C11.79 13.26 11.08 13.02 10.23 12.27C9.57 11.68 9.14 10.93 9.02 10.73C8.9 10.53 9.01 10.42 9.11 10.32C9.2 10.23 9.34 10.04 9.46 9.9C9.59 9.76 9.62 9.68 9.72 9.52C9.82 9.36 9.77 9.21 9.71 9.05C9.65 8.89 9.23 7.89 9.23 7.53Z\" \/><\/svg>WhatsApp<\/a>\r\n                    <a href=\"https:\/\/www.instagram.com\/medicalcenter.santarafaela\/\" target=\"_blank\" class=\"card-link-instagram\" title=\"Ver no Instagram\"><svg viewBox=\"0 0 24 24\"><path d=\"M7.8,2H16.2C19.4,2 22,4.6 22,7.8V16.2A5.8,5.8 0 0,1 16.2,22H7.8C4.6,22 2,19.4 2,16.2V7.8A5.8,5.8 0 0,1 7.8,2M7.6,4A3.6,3.6 0 0,0 4,7.6V16.4C4,18.39 5.61,20 7.6,20H16.4A3.6,3.6 0 0,0 20,16.4V7.6C20,5.61 18.39,4 16.4,4H7.6M17.25,5.5A1.25,1.25 0 0,1 18.5,6.75A1.25,1.25 0 0,1 17.25,8A1.25,1.25 0 0,1 16,6.75A1.25,1.25 0 0,1 17.25,5.5M12,7A5,5 0 0,1 17,12A5,5 0 0,1 12,17A5,5 0 0,1 7,12A5,5 0 0,1 12,7M12,9A3,3 0 0,0 9,12A3,3 0 0,0 12,15A3,3 0 0,0 15,12A3,3 0 0,0 12,9Z\" \/><\/svg>Instagram<\/a>\r\n                <\/div>\r\n            <\/div>\r\n            \r\n            <div class=\"exam-card\">\r\n                <h3>Ultrassonografia com Doppler<\/h3>\r\n                <p>Avalia o fluxo sangu\u00edneo em veias e art\u00e9rias, essencial para diagnosticar varizes e tromboses.<\/p>\r\n                <div class=\"card-contact-links\">\r\n                    <a href=\"https:\/\/wa.me\/5599982349254?text=Ol\u00e1,%20gostaria%20de%20saber%20sobre%20o%20exame%20de%20Ultrassonografia%20com%20Doppler.\" target=\"_blank\" class=\"card-link-whatsapp\" title=\"Conversar no WhatsApp\"><svg viewBox=\"0 0 24 24\"><use href=\"#whatsapp-icon\"><\/use><\/svg>WhatsApp<\/a>\r\n                    <a href=\"https:\/\/www.instagram.com\/medicalcenter.santarafaela\/\" target=\"_blank\" class=\"card-link-instagram\" title=\"Ver no Instagram\"><svg viewBox=\"0 0 24 24\"><use href=\"#instagram-icon\"><\/use><\/svg>Instagram<\/a>\r\n                <\/div>\r\n            <\/div>\r\n\r\n            <div class=\"exam-card\">\r\n                <h3>Ecocardiograma<\/h3>\r\n                <p>Ultrassom do cora\u00e7\u00e3o que avalia a estrutura e o funcionamento do m\u00fasculo card\u00edaco e das v\u00e1lvulas.<\/p>\r\n                <div class=\"card-contact-links\">\r\n                    <a href=\"https:\/\/wa.me\/5599982349254?text=Ol\u00e1,%20gostaria%20de%20saber%20sobre%20o%20exame%20de%20Ecocardiograma.\" target=\"_blank\" class=\"card-link-whatsapp\" title=\"Conversar no WhatsApp\"><svg viewBox=\"0 0 24 24\"><use href=\"#whatsapp-icon\"><\/use><\/svg>WhatsApp<\/a>\r\n                    <a href=\"https:\/\/www.instagram.com\/medicalcenter.santarafaela\/\" target=\"_blank\" class=\"card-link-instagram\" title=\"Ver no Instagram\"><svg viewBox=\"0 0 24 24\"><use href=\"#instagram-icon\"><\/use><\/svg>Instagram<\/a>\r\n                <\/div>\r\n            <\/div>\r\n\r\n            <div class=\"exam-card\">\r\n                <h3>Endoscopia Digestiva Alta<\/h3>\r\n                <p>Visualiza es\u00f4fago, est\u00f4mago e duodeno para diagnosticar gastrite, \u00falceras, refluxo e outras condi\u00e7\u00f5es.<\/p>\r\n                <div class=\"card-contact-links\">\r\n                    <a href=\"https:\/\/wa.me\/5599982349254?text=Ol\u00e1,%20gostaria%20de%20saber%20sobre%20o%20exame%20de%20Endoscopia%20Digestiva.\" target=\"_blank\" class=\"card-link-whatsapp\" title=\"Conversar no WhatsApp\"><svg viewBox=\"0 0 24 24\"><use href=\"#whatsapp-icon\"><\/use><\/svg>WhatsApp<\/a>\r\n                    <a href=\"https:\/\/www.instagram.com\/medicalcenter.santarafaela\/\" target=\"_blank\" class=\"card-link-instagram\" title=\"Ver no Instagram\"><svg viewBox=\"0 0 24 24\"><use href=\"#instagram-icon\"><\/use><\/svg>Instagram<\/a>\r\n                <\/div>\r\n            <\/div>\r\n            \r\n            <div class=\"exam-card\">\r\n                <h3>Eletrocardiograma (ECG)<\/h3>\r\n                <p>Avalia a atividade el\u00e9trica do cora\u00e7\u00e3o para detectar arritmias, infartos e outras anomalias card\u00edacas.<\/p>\r\n                <div class=\"card-contact-links\">\r\n                    <a href=\"https:\/\/wa.me\/5599982349254?text=Ol\u00e1,%20gostaria%20de%20saber%20sobre%20o%20exame%20de%20Eletrocardiograma.\" target=\"_blank\" class=\"card-link-whatsapp\" title=\"Conversar no WhatsApp\"><svg viewBox=\"0 0 24 24\"><use href=\"#whatsapp-icon\"><\/use><\/svg>WhatsApp<\/a>\r\n                    <a href=\"https:\/\/www.instagram.com\/medicalcenter.santarafaela\/\" target=\"_blank\" class=\"card-link-instagram\" title=\"Ver no Instagram\"><svg viewBox=\"0 0 24 24\"><use href=\"#instagram-icon\"><\/use><\/svg>Instagram<\/a>\r\n                <\/div>\r\n            <\/div>\r\n\r\n            <div class=\"exam-card\">\r\n                <h3>Teste Ergom\u00e9trico<\/h3>\r\n                <p>Avalia o funcionamento do cora\u00e7\u00e3o durante o esfor\u00e7o f\u00edsico para investigar dores no peito e arritmias.<\/p>\r\n                <div class=\"card-contact-links\">\r\n                    <a href=\"https:\/\/wa.me\/5599982349254?text=Ol\u00e1,%20gostaria%20de%20saber%20sobre%20o%20exame%20de%20Teste%20Ergom\u00e9trico.\" target=\"_blank\" class=\"card-link-whatsapp\" title=\"Conversar no WhatsApp\"><svg viewBox=\"0 0 24 24\"><use href=\"#whatsapp-icon\"><\/use><\/svg>WhatsApp<\/a>\r\n                    <a href=\"https:\/\/www.instagram.com\/medicalcenter.santarafaela\/\" target=\"_blank\" class=\"card-link-instagram\" title=\"Ver no Instagram\"><svg viewBox=\"0 0 24 24\"><use href=\"#instagram-icon\"><\/use><\/svg>Instagram<\/a>\r\n                <\/div>\r\n            <\/div>\r\n            \r\n            <div class=\"exam-card\">\r\n                <h3>MAPA 24h<\/h3>\r\n                <p>Monitoramento da press\u00e3o arterial por 24 horas para um diagn\u00f3stico preciso de hipertens\u00e3o.<\/p>\r\n                <div class=\"card-contact-links\">\r\n                    <a href=\"https:\/\/wa.me\/5599982349254?text=Ol\u00e1,%20gostaria%20de%20saber%20sobre%20o%20exame%20MAPA%2024h.\" target=\"_blank\" class=\"card-link-whatsapp\" title=\"Conversar no WhatsApp\"><svg viewBox=\"0 0 24 24\"><use href=\"#whatsapp-icon\"><\/use><\/svg>WhatsApp<\/a>\r\n                    <a href=\"https:\/\/www.instagram.com\/medicalcenter.santarafaela\/\" target=\"_blank\" class=\"card-link-instagram\" title=\"Ver no Instagram\"><svg viewBox=\"0 0 24 24\"><use href=\"#instagram-icon\"><\/use><\/svg>Instagram<\/a>\r\n                <\/div>\r\n            <\/div>\r\n\r\n            <div class=\"exam-card\">\r\n                <h3>Holter 24h<\/h3>\r\n                <p>Monitoramento cont\u00ednuo do ritmo card\u00edaco por 24 horas, essencial para detectar arritmias.<\/p>\r\n                <div class=\"card-contact-links\">\r\n                    <a href=\"https:\/\/wa.me\/5599982349254?text=Ol\u00e1,%20gostaria%20de%20saber%20sobre%20o%20exame%20Holter%2024h.\" target=\"_blank\" class=\"card-link-whatsapp\" title=\"Conversar no WhatsApp\"><svg viewBox=\"0 0 24 24\"><use href=\"#whatsapp-icon\"><\/use><\/svg>WhatsApp<\/a>\r\n                    <a href=\"https:\/\/www.instagram.com\/medicalcenter.santarafaela\/\" target=\"_blank\" class=\"card-link-instagram\" title=\"Ver no Instagram\"><svg viewBox=\"0 0 24 24\"><use href=\"#instagram-icon\"><\/use><\/svg>Instagram<\/a>\r\n                <\/div>\r\n            <\/div>\r\n            \r\n            <div class=\"exam-card\">\r\n                <h3>Exames Laboratoriais<\/h3>\r\n                <p>An\u00e1lises cl\u00ednicas de sangue, urina e fezes para um diagn\u00f3stico preciso e acompanhamento da sa\u00fade.<\/p>\r\n                <div class=\"card-contact-links\">\r\n                    <a href=\"https:\/\/wa.me\/5599982349254?text=Ol\u00e1,%20gostaria%20de%20saber%20sobre%20Exames%20Laboratoriais.\" target=\"_blank\" class=\"card-link-whatsapp\" title=\"Conversar no WhatsApp\"><svg viewBox=\"0 0 24 24\"><use href=\"#whatsapp-icon\"><\/use><\/svg>WhatsApp<\/a>\r\n                    <a href=\"https:\/\/www.instagram.com\/medicalcenter.santarafaela\/\" target=\"_blank\" class=\"card-link-instagram\" title=\"Ver no Instagram\"><svg viewBox=\"0 0 24 24\"><use href=\"#instagram-icon\"><\/use><\/svg>Instagram<\/a>\r\n                <\/div>\r\n            <\/div>\r\n\r\n            <div class=\"exam-card\">\r\n                <h3>Bi\u00f3psias<\/h3>\r\n                <p>Coleta de pequenas amostras de tecido para an\u00e1lise patol\u00f3gica, fundamental no diagn\u00f3stico de diversas doen\u00e7as.<\/p>\r\n                <div class=\"card-contact-links\">\r\n                    <a href=\"https:\/\/wa.me\/5599982349254?text=Ol\u00e1,%20gostaria%20de%20saber%20sobre%20o%20exame%20de%20Bi\u00f3psia.\" target=\"_blank\" class=\"card-link-whatsapp\" title=\"Conversar no WhatsApp\"><svg viewBox=\"0 0 24 24\"><use href=\"#whatsapp-icon\"><\/use><\/svg>WhatsApp<\/a>\r\n                    <a href=\"https:\/\/www.instagram.com\/medicalcenter.santarafaela\/\" target=\"_blank\" class=\"card-link-instagram\" title=\"Ver no Instagram\"><svg viewBox=\"0 0 24 24\"><use href=\"#instagram-icon\"><\/use><\/svg>Instagram<\/a>\r\n                <\/div>\r\n            <\/div>\r\n            \r\n            <div class=\"exam-card\">\r\n                <h3>Colposcopia<\/h3>\r\n                <p>Exame ginecol\u00f3gico que permite visualizar o colo do \u00fatero e a vagina para detectar les\u00f5es.<\/p>\r\n                <div class=\"card-contact-links\">\r\n                    <a href=\"https:\/\/wa.me\/5599982349254?text=Ol\u00e1,%20gostaria%20de%20saber%20sobre%20o%20exame%20de%20Colposcopia.\" target=\"_blank\" class=\"card-link-whatsapp\" title=\"Conversar no WhatsApp\"><svg viewBox=\"0 0 24 24\"><use href=\"#whatsapp-icon\"><\/use><\/svg>WhatsApp<\/a>\r\n                    <a href=\"https:\/\/www.instagram.com\/medicalcenter.santarafaela\/\" target=\"_blank\" class=\"card-link-instagram\" title=\"Ver no Instagram\"><svg viewBox=\"0 0 24 24\"><use href=\"#instagram-icon\"><\/use><\/svg>Instagram<\/a>\r\n                <\/div>\r\n            <\/div>\r\n\r\n            <div class=\"exam-card\">\r\n                <h3>Papanicolau<\/h3>\r\n                <p>Exame preventivo essencial para a detec\u00e7\u00e3o precoce do c\u00e2ncer de colo do \u00fatero e outras infec\u00e7\u00f5es.<\/p>\r\n                <div class=\"card-contact-links\">\r\n                    <a href=\"https:\/\/wa.me\/5599982349254?text=Ol\u00e1,%20gostaria%20de%20saber%20sobre%20o%20exame%20Papanicolau.\" target=\"_blank\" class=\"card-link-whatsapp\" title=\"Conversar no WhatsApp\"><svg viewBox=\"0 0 24 24\"><use href=\"#whatsapp-icon\"><\/use><\/svg>WhatsApp<\/a>\r\n                    <a href=\"https:\/\/www.instagram.com\/medicalcenter.santarafaela\/\" target=\"_blank\" class=\"card-link-instagram\" title=\"Ver no Instagram\"><svg viewBox=\"0 0 24 24\"><use href=\"#instagram-icon\"><\/use><\/svg>Instagram<\/a>\r\n                <\/div>\r\n            <\/div>\r\n            \r\n        <\/div>\r\n    <\/main>\r\n    \r\n    <svg width=\"0\" height=\"0\" style=\"display:none;\">\r\n        <symbol id=\"whatsapp-icon\" viewBox=\"0 0 24 24\">\r\n            <path d=\"M12.04 2C6.58 2 2.13 6.45 2.13 11.91C2.13 13.66 2.59 15.36 3.45 16.86L2.05 22L7.31 20.6C8.75 21.41 10.37 21.88 12.04 21.88C17.5 21.88 21.95 17.43 21.95 11.97C21.95 9.31 20.92 6.8 19.13 4.98C17.33 3.16 14.81 2 12.04 2M9.23 7.53C9.07 7.53 8.82 7.59 8.62 7.89C8.42 8.19 7.82 8.79 7.82 9.91C7.82 11.03 8.62 12.11 8.78 12.27C8.94 12.43 10.16 14.42 12.11 15.23C13.78 15.94 14.04 15.78 14.34 15.72C14.64 15.66 15.61 15.11 15.81 14.5C16.01 13.89 16.01 13.38 15.95 13.28C15.89 13.18 15.73 13.12 15.48 13C15.22 12.88 14.2 12.38 13.95 12.28C13.69 12.18 13.54 12.12 13.38 12.38C13.22 12.64 12.77 13.18 12.62 13.34C12.46 13.5 12.3 13.5 12.04 13.38C11.79 13.26 11.08 13.02 10.23 12.27C9.57 11.68 9.14 10.93 9.02 10.73C8.9 10.53 9.01 10.42 9.11 10.32C9.2 10.23 9.34 10.04 9.46 9.9C9.59 9.76 9.62 9.68 9.72 9.52C9.82 9.36 9.77 9.21 9.71 9.05C9.65 8.89 9.23 7.89 9.23 7.53Z\" \/>\r\n        <\/symbol>\r\n        <symbol id=\"instagram-icon\" viewBox=\"0 0 24 24\">\r\n            <path d=\"M7.8,2H16.2C19.4,2 22,4.6 22,7.8V16.2A5.8,5.8 0 0,1 16.2,22H7.8C4.6,22 2,19.4 2,16.2V7.8A5.8,5.8 0 0,1 7.8,2M7.6,4A3.6,3.6 0 0,0 4,7.6V16.4C4,18.39 5.61,20 7.6,20H16.4A3.6,3.6 0 0,0 20,16.4V7.6C20,5.61 18.39,4 16.4,4H7.6M17.25,5.5A1.25,1.25 0 0,1 18.5,6.75A1.25,1.25 0 0,1 17.25,8A1.25,1.25 0 0,1 16,6.75A1.25,1.25 0 0,1 17.25,5.5M12,7A5,5 0 0,1 17,12A5,5 0 0,1 12,17A5,5 0 0,1 7,12A5,5 0 0,1 12,7M12,9A3,3 0 0,0 9,12A3,3 0 0,0 12,15A3,3 0 0,0 15,12A3,3 0 0,0 12,9Z\" \/>\r\n        <\/symbol>\r\n    <\/svg>\r\n\r\n<\/body>\r\n<\/html>\t\t\t\t<\/div>\n\t\t\t\t<\/div>\n\t\t\t\t<\/div>\n\t\t","protected":false},"excerpt":{"rendered":"<p>Exames &#8211; Medical Center Santa Rafaela Nossos Exames Tecnologia e precis\u00e3o para um diagn\u00f3stico completo. Encontre o exame que voc\u00ea precisa e agende com facilidade. [&hellip;]<\/p>\n","protected":false},"author":1,"featured_media":0,"parent":0,"menu_order":0,"comment_status":"closed","ping_status":"closed","template":"elementor_header_footer","meta":{"_monsterinsights_skip_tracking":false,"_monsterinsights_sitenote_active":false,"_monsterinsights_sitenote_note":"","_monsterinsights_sitenote_category":0,"footnotes":""},"class_list":["post-4592","page","type-page","status-publish","hentry"],"aioseo_notices":[],"_links":{"self":[{"href":"https:\/\/medicalcenter.santarafaela.com.br\/2025\/wp-json\/wp\/v2\/pages\/4592","targetHints":{"allow":["GET"]}}],"collection":[{"href":"https:\/\/medicalcenter.santarafaela.com.br\/2025\/wp-json\/wp\/v2\/pages"}],"about":[{"href":"https:\/\/medicalcenter.santarafaela.com.br\/2025\/wp-json\/wp\/v2\/types\/page"}],"author":[{"embeddable":true,"href":"https:\/\/medicalcenter.santarafaela.com.br\/2025\/wp-json\/wp\/v2\/users\/1"}],"replies":[{"embeddable":true,"href":"https:\/\/medicalcenter.santarafaela.com.br\/2025\/wp-json\/wp\/v2\/comments?post=4592"}],"version-history":[{"count":7,"href":"https:\/\/medicalcenter.santarafaela.com.br\/2025\/wp-json\/wp\/v2\/pages\/4592\/revisions"}],"predecessor-version":[{"id":4600,"href":"https:\/\/medicalcenter.santarafaela.com.br\/2025\/wp-json\/wp\/v2\/pages\/4592\/revisions\/4600"}],"wp:attachment":[{"href":"https:\/\/medicalcenter.santarafaela.com.br\/2025\/wp-json\/wp\/v2\/media?parent=4592"}],"curies":[{"name":"wp","href":"https:\/\/api.w.org\/{rel}","templated":true}]}}