{"id":2917,"date":"2025-05-24T08:47:34","date_gmt":"2025-05-24T08:47:34","guid":{"rendered":"https:\/\/micare.vithemes.com\/?page_id=2917"},"modified":"2025-10-11T12:35:14","modified_gmt":"2025-10-11T12:35:14","slug":"agendamentos","status":"publish","type":"page","link":"https:\/\/medicalcenter.santarafaela.com.br\/2025\/agendamentos\/","title":{"rendered":"Agendamentos"},"content":{"rendered":"\t\t<div data-elementor-type=\"wp-page\" data-elementor-id=\"2917\" class=\"elementor elementor-2917\" data-elementor-post-type=\"page\">\n\t\t\t\t<div class=\"elementor-element elementor-element-dfc46e5 e-con-full e-flex e-con e-parent\" data-id=\"dfc46e5\" data-element_type=\"container\">\n\t\t\t\t<div class=\"elementor-element elementor-element-213b929 elementor-widget__width-inherit elementor-widget elementor-widget-html\" data-id=\"213b929\" data-element_type=\"widget\" data-widget_type=\"html.default\">\n\t\t\t\t\t<!DOCTYPE html>\r\n<html lang=\"pt-BR\">\r\n<head>\r\n    <meta charset=\"UTF-8\">\r\n    <meta name=\"viewport\" content=\"width=device-width, initial-scale=1.0\">\r\n    <title>Agendar Consulta - Medical Center Santa Rafaela<\/title>\r\n    <style>\r\n        \/* --- ESTILOS GERAIS E PALETA --- *\/\r\n        @import url('https:\/\/fonts.googleapis.com\/css2?family=Inter:wght@400;500;700&display=swap');\r\n\r\n        :root {\r\n            --cor-primaria: #2D4A8C;\r\n            --cor-secundaria: #0f172a;\r\n            --cor-destaque: #3b82f6;\r\n            --cor-fundo-claro: #f8fafc;\r\n            --cor-borda: #e2e8f0;\r\n            --cor-texto-titulo: #1e293b;\r\n            --cor-texto-paragrafo: #475569;\r\n            --cor-branco: #ffffff;\r\n        }\r\n\r\n        body {\r\n            font-family: 'Inter', sans-serif;\r\n            margin: 0;\r\n            padding: 0;\r\n            color: var(--cor-texto-paragrafo);\r\n            background-color: var(--cor-branco);\r\n            line-height: 1.6;\r\n        }\r\n\r\n        .container {\r\n            max-width: 1200px;\r\n            margin: 0 auto;\r\n            padding: 0 2rem;\r\n        }\r\n\r\n        section { padding: 5rem 0; }\r\n        \r\n        \/* --- ESTILOS DO FORMUL\u00c1RIO --- *\/\r\n        .agendamento-section .page-container { display: grid; grid-template-columns: 1.2fr 1fr; gap: 3rem; max-width: 1200px; margin: 0 auto; }\r\n        .agendamento-section .form-section { padding: 0; }\r\n        .agendamento-section .info-section { padding: 1rem; }\r\n        .agendamento-section .form-header h2 { font-size: 2.8rem; margin: 0 0 0.5rem 0; color: var(--cor-texto-titulo); }\r\n        .agendamento-section .form-header p { font-size: 1.1rem; margin: 0 0 2.5rem 0; }\r\n        .agendamento-section .form-group { margin-bottom: 1.5rem; }\r\n        .agendamento-section label { display: block; font-weight: 500; margin-bottom: 0.5rem; color: var(--cor-texto-titulo); }\r\n        .agendamento-section input, .agendamento-section select { \r\n            width: 100%; \r\n            padding: 0.9rem 1rem; \r\n            border: 1px solid var(--cor-borda); \r\n            border-radius: 10px; \r\n            font-size: 1rem; \r\n            font-family: 'Inter', sans-serif; \r\n            background-color: var(--cor-fundo-claro); \r\n            box-sizing: border-box; \r\n            transition: all 0.3s ease;\r\n            color: #1e293b !important; \r\n        }\r\n        .agendamento-section input:focus, .agendamento-section select:focus { outline: none; border-color: var(--cor-destaque); box-shadow: 0 0 0 3px rgba(59, 130, 246, 0.2); }\r\n        .agendamento-section .submit-button { width: 100%; padding: 1rem; border: none; border-radius: 10px; background-color: var(--cor-primaria); color: var(--cor-branco); font-size: 1.1rem; font-weight: 700; cursor: pointer; transition: background-color 0.3s ease; }\r\n        .agendamento-section .submit-button:hover { background-color: #1e3a8a; }\r\n        .agendamento-section .info-section h3 { font-size: 1.8rem; border-bottom: 2px solid var(--cor-primaria); padding-bottom: 0.5rem; margin-bottom: 1.5rem; color: var(--cor-texto-titulo); }\r\n        .agendamento-section .info-block { margin-bottom: 2rem; }\r\n        .agendamento-section .info-block h4 { font-size: 1.2rem; margin-bottom: 1rem; color: var(--cor-texto-titulo); }\r\n        .agendamento-section .info-block ul { list-style: none; padding: 0; }\r\n        .agendamento-section .info-block li { display: flex; align-items: flex-start; margin-bottom: 0.75rem; }\r\n        .agendamento-section .info-block li::before { content: '\u2713'; color: var(--cor-primaria); font-weight: 700; margin-right: 0.75rem; margin-top: -2px; }\r\n\r\n        @media (max-width: 992px) {\r\n            .agendamento-section .page-container { grid-template-columns: 1fr; }\r\n            .agendamento-section .info-section { border-top: 1px solid var(--cor-borda); margin-top: 3rem; padding-top: 3rem; }\r\n        }\r\n    <\/style>\r\n<\/head>\r\n<body>\r\n\r\n    <main>\r\n        <section class=\"agendamento-section\" id=\"agendamento\">\r\n            <div class=\"container\">\r\n                <div class=\"page-container\">\r\n                    <div class=\"form-section\">\r\n                        <div class=\"form-header\">\r\n                            <h2>Agende sua Consulta<\/h2>\r\n                            <p>Preencha os dados e envie sua solicita\u00e7\u00e3o diretamente para nosso WhatsApp.<\/p>\r\n                        <\/div>\r\n                        <form id=\"agendamento-form-secao\">\r\n                            <div class=\"form-group\"><label for=\"nome-secao\">Nome Completo<\/label><input type=\"text\" id=\"nome-secao\" required><\/div>\r\n                            <div class=\"form-group\"><label for=\"email-secao\">E-mail<\/label><input type=\"email\" id=\"email-secao\" required><\/div>\r\n                            <div class=\"form-group\"><label for=\"telefone-secao\">Telefone (WhatsApp)<\/label><input type=\"tel\" id=\"telefone-secao\" placeholder=\"(99) 99999-9999\" required><\/div>\r\n                            <div class=\"form-group\">\r\n                                <label for=\"especialidade-secao\">Escolha a Especialidade<\/label>\r\n                                <select id=\"especialidade-secao\">\r\n                                    <\/select>\r\n                            <\/div>\r\n                            <div class=\"form-group\">\r\n                                <label for=\"exame-secao\">Ou escolha o Exame<\/label>\r\n                                <select id=\"exame-secao\">\r\n                                     <\/select>\r\n                            <\/div>\r\n                            <button type=\"submit\" class=\"submit-button\">Marcar Consulta via WhatsApp<\/button>\r\n                        <\/form>\r\n                    <\/div>\r\n                    <div class=\"info-section\">\r\n                        <h3>Pr\u00f3ximos Passos<\/h3>\r\n                        <div class=\"info-block\">\r\n                            <h4>Como funciona:<\/h4>\r\n                            <ul>\r\n                                <li><b>Passo 1:<\/b> Preencha e envie o formul\u00e1rio.<\/li>\r\n                                <li><b>Passo 2:<\/b> Voc\u00ea ser\u00e1 redirecionado ao WhatsApp\r\n                                com a  mensagem pronta.<\/li>\r\n                                <li><b>Passo 3:<\/b> Nossa equipe confirmar\u00e1 a data e o hor\u00e1rio dispon\u00edveis.<\/li>\r\n                            <\/ul>\r\n                        <\/div>\r\n                        <div class=\"info-block\">\r\n                            <h4>Lembretes para a consulta:<\/h4>\r\n                            <ul>\r\n                                <li>Traga um documento de identifica\u00e7\u00e3o com foto.<\/li>\r\n                                <li>Traga a carteirinha do seu conv\u00eanio (se aplic\u00e1vel).<\/li>\r\n                                <li>Leve exames anteriores, se os tiver.<\/li>\r\n                            <\/ul>\r\n                        <\/div>\r\n                    <\/div>\r\n                <\/div>\r\n            <\/div>\r\n        <\/section>\r\n    <\/main>\r\n\r\n    <script>\r\n        (function() {\r\n            try {\r\n                const form = document.getElementById('agendamento-form-secao');\r\n                if (!form) return;\r\n\r\n                const relacaoEspecialidadeExame = {\r\n                    \"Angiologia\": [\"Consulta Angiol\u00f3gica\", \"Doppler Vascular\"],\r\n                    \"Cardiologia\": [\"Consulta Cardiol\u00f3gica\", \"Eletrocardiograma (ECG)\", \"Teste Ergom\u00e9trico\", \"Ecocardiograma\", \"MAPA 24h\", \"Holter 24h\", \"Risco Cir\u00fargico\"],\r\n                    \"Cirurgia Geral\": [\"Consulta Cir\u00fargica\", \"Pequenas Cirurgias\"],\r\n                    \"Cl\u00ednica M\u00e9dica\": [\"Consulta Cl\u00ednica Geral\", \"Check-up Geral\"],\r\n                    \"Dermatologia\": [\"Consulta Dermatol\u00f3gica\", \"Bi\u00f3psia de Pele\", \"Cauteriza\u00e7\u00e3o Qu\u00edmica\", \"Toxina Botul\u00ednica (Botox)\"],\r\n                    \"Endocrinologia\": [\"Consulta End\u00f3crina\", \"Acompanhamento de Diabetes\", \"Avalia\u00e7\u00e3o da Tireoide\", \"Bioimped\u00e2ncia\"],\r\n                    \"Fisioterapia\": [\"Sess\u00e3o de Fisioterapia Ortop\u00e9dica\", \"Reabilita\u00e7\u00e3o Neurol\u00f3gica\", \"RPG\"],\r\n                    \"Fonoaudiologia\": [\"Consulta Fonoaudiol\u00f3gica\", \"Audiometria\", \"Teste da Orelhinha\"],\r\n                    \"Gastroenterologia\": [\"Consulta Gastro\", \"Endoscopia Digestiva Alta\"],\r\n                    \"Ginecologia e Obstetr\u00edcia\": [\"Consulta Ginecol\u00f3gica\", \"Pr\u00e9-Natal\", \"Ultrassonografia P\u00e9lvica\", \"Ultrassonografia Transvaginal\", \"Ultrassonografia Obst\u00e9trica\", \"Papanicolau (Preventivo)\", \"Colposcopia\", \"Inser\u00e7\u00e3o de DIU\"],\r\n                    \"Mastologia\": [\"Consulta Mastol\u00f3gica\", \"Ultrassonografia Mam\u00e1ria\", \"Pun\u00e7\u00e3o de Mama (PAAF)\"],\r\n                    \"Neurocirurgia\": [\"Consulta Neurocir\u00fargica\"],\r\n                    \"Neurologia\": [\"Consulta Neurol\u00f3gica\", \"Eletroencefalograma (EEG)\"],\r\n                    \"Nutri\u00e7\u00e3o\": [\"Consulta Nutricional\", \"Plano Alimentar\", \"Avalia\u00e7\u00e3o Antropom\u00e9trica\"],\r\n                    \"Ortopedia\": [\"Consulta Ortop\u00e9dica\", \"Infiltra\u00e7\u00e3o Articular\", \"Imobiliza\u00e7\u00f5es\"],\r\n                    \"Otorrinolaringologia\": [\"Consulta Otorrino\", \"Videolaringoscopia\", \"Lavagem de Ouvido\"],\r\n                    \"Pediatria\": [\"Consulta Pedi\u00e1trica\", \"Acompanhamento de Rotina (Puericultura)\"],\r\n                    \"Psicologia\": [\"Sess\u00e3o de Terapia\", \"Avalia\u00e7\u00e3o Psicol\u00f3gica\"],\r\n                    \"Psiquiatria\": [\"Consulta Psiqui\u00e1trica\"],\r\n                    \"Urologia\": [\"Consulta Urol\u00f3gica\", \"Ultrassonografia da Pr\u00f3stata\", \"Estudo Urodin\u00e2mico\", \"Bi\u00f3psia de Pr\u00f3stata\"],\r\n                    \"Diagn\u00f3stico por Imagem\": [\"Ultrassonografia Geral\", \"Ultrassonografia com Doppler\", \"Ultrassonografia Morfol\u00f3gica\", \"Raio-X Digital\", \"Tomografia Computadorizada\", \"Resson\u00e2ncia Magn\u00e9tica\"],\r\n                    \"N\u00e3o sei\/Outro\": [\"Consulta de Avalia\u00e7\u00e3o\", \"Outro Exame\/Procedimento\"]\r\n                };\r\n\r\n                const selectEspecialidade = document.getElementById('especialidade-secao');\r\n                const selectExame = document.getElementById('exame-secao');\r\n                \r\n                const relacaoExameEspecialidade = {};\r\n                for (const esp in relacaoEspecialidadeExame) {\r\n                    relacaoEspecialidadeExame[esp].forEach(ex => {\r\n                        if (!relacaoExameEspecialidade[ex]) { relacaoExameEspecialidade[ex] = esp; }\r\n                    });\r\n                }\r\n                \r\n                function popularDropdown(selectElement, optionsArray) {\r\n                    selectElement.innerHTML = `<option value=\"\">Selecione uma op\u00e7\u00e3o<\/option>`;\r\n                    optionsArray.forEach(optionText => {\r\n                        const option = document.createElement('option');\r\n                        option.value = optionText;\r\n                        option.textContent = optionText;\r\n                        selectElement.appendChild(option);\r\n                    });\r\n                }\r\n\r\n                const todasEspecialidades = Object.keys(relacaoEspecialidadeExame);\r\n                let todosExames = [];\r\n                for(const esp in relacaoEspecialidadeExame) { todosExames.push(...relacaoEspecialidadeExame[esp]); }\r\n                todosExames = [...new Set(todosExames)].sort();\r\n\r\n                popularDropdown(selectEspecialidade, todasEspecialidades);\r\n                popularDropdown(selectExame, todosExames);\r\n                \r\n                selectEspecialidade.addEventListener('change', function() {\r\n                    const especialidadeSelecionada = this.value;\r\n                    const examesRelacionados = relacaoEspecialidadeExame[especialidadeSelecionada] || todosExames;\r\n                    popularDropdown(selectExame, examesRelacionados);\r\n                });\r\n\r\n                selectExame.addEventListener('change', function() {\r\n                    const exameSelecionado = this.value;\r\n                    if (exameSelecionado && relacaoExameEspecialidade[exameSelecionado]) {\r\n                        selectEspecialidade.value = relacaoExameEspecialidade[exameSelecionado];\r\n                    } else if (!exameSelecionado) {\r\n                         selectEspecialidade.value = \"\";\r\n                    }\r\n                });\r\n\r\n                const inputTelefone = document.getElementById('telefone-secao');\r\n                inputTelefone.addEventListener('input', function(e) { let v = e.target.value.replace(\/\\D\/g, ''); v = v.replace(\/^(\\d{2})(\\d)\/g, '($1) $2'); v = v.replace(\/(\\d{5})(\\d)\/, '$1-$2'); e.target.value = v.slice(0, 15); });\r\n                \r\n                form.addEventListener('submit', function(e) {\r\n                    e.preventDefault();\r\n                    const nome = document.getElementById('nome-secao').value;\r\n                    const email = document.getElementById('email-secao').value;\r\n                    const telefone = document.getElementById('telefone-secao').value;\r\n                    const especialidade = selectEspecialidade.value;\r\n                    const exame = selectExame.value;\r\n                    \r\n                    if (!nome || !email || !telefone || (!especialidade && !exame)) { \r\n                        alert(\"Por favor, preencha seus dados e selecione uma especialidade ou exame.\"); \r\n                        return; \/\/ Adicionado 'return' para parar a execu\u00e7\u00e3o\r\n                    } \/\/ <<<< ERRO ESTAVA AQUI: FALTAVA ESTA CHAVE '}' E O 'RETURN'\r\n\r\n                    const hora = new Date().getHours();\r\n                    const saudacao = (hora >= 5 && hora < 12) ? \"Bom dia\" : (hora >= 12 && hora < 18) ? \"Boa tarde\" : \"Boa noite\";\r\n                    \r\n                    let msg = `${saudacao}. Vim do site do Medical Center Santa Rafaela e gostaria de marcar uma consulta.\\n\\n*Nome:* ${nome}\\n*Telefone:* ${telefone}\\n`;\r\n                    if (especialidade) msg += `*Especialidade:* ${especialidade}\\n`;\r\n                    if (exame) msg += `*Exame de prefer\u00eancia:* ${exame}\\n`;\r\n                    \r\n                    const numeroWhatsApp = \"5599982349254\";\r\n                    window.open(`https:\/\/wa.me\/${numeroWhatsApp}?text=${encodeURIComponent(msg)}`, '_blank');\r\n                });\r\n            } catch (error) {\r\n                console.error(\"Erro ao inicializar o formul\u00e1rio:\", error);\r\n            }\r\n        })();\r\n    <\/script>\r\n<\/body>\r\n<\/html>\t\t\t\t<\/div>\n\t\t\t\t<div class=\"elementor-element elementor-element-64652b1 elementor-widget elementor-widget-spacer\" data-id=\"64652b1\" data-element_type=\"widget\" data-widget_type=\"spacer.default\">\n\t\t\t\t\t\t\t<div class=\"elementor-spacer\">\n\t\t\t<div class=\"elementor-spacer-inner\"><\/div>\n\t\t<\/div>\n\t\t\t\t\t\t<\/div>\n\t\t\t\t<\/div>\n\t\t\t\t<\/div>\n\t\t","protected":false},"excerpt":{"rendered":"<p>Agendar Consulta &#8211; Medical Center Santa Rafaela Agende sua Consulta Preencha os dados e envie sua solicita\u00e7\u00e3o diretamente para nosso WhatsApp. Nome Completo E-mail Telefone [&hellip;]<\/p>\n","protected":false},"author":1,"featured_media":0,"parent":0,"menu_order":0,"comment_status":"closed","ping_status":"closed","template":"elementor_header_footer","meta":{"_monsterinsights_skip_tracking":false,"_monsterinsights_sitenote_active":false,"_monsterinsights_sitenote_note":"","_monsterinsights_sitenote_category":0,"footnotes":""},"class_list":["post-2917","page","type-page","status-publish","hentry"],"aioseo_notices":[],"_links":{"self":[{"href":"https:\/\/medicalcenter.santarafaela.com.br\/2025\/wp-json\/wp\/v2\/pages\/2917","targetHints":{"allow":["GET"]}}],"collection":[{"href":"https:\/\/medicalcenter.santarafaela.com.br\/2025\/wp-json\/wp\/v2\/pages"}],"about":[{"href":"https:\/\/medicalcenter.santarafaela.com.br\/2025\/wp-json\/wp\/v2\/types\/page"}],"author":[{"embeddable":true,"href":"https:\/\/medicalcenter.santarafaela.com.br\/2025\/wp-json\/wp\/v2\/users\/1"}],"replies":[{"embeddable":true,"href":"https:\/\/medicalcenter.santarafaela.com.br\/2025\/wp-json\/wp\/v2\/comments?post=2917"}],"version-history":[{"count":20,"href":"https:\/\/medicalcenter.santarafaela.com.br\/2025\/wp-json\/wp\/v2\/pages\/2917\/revisions"}],"predecessor-version":[{"id":4702,"href":"https:\/\/medicalcenter.santarafaela.com.br\/2025\/wp-json\/wp\/v2\/pages\/2917\/revisions\/4702"}],"wp:attachment":[{"href":"https:\/\/medicalcenter.santarafaela.com.br\/2025\/wp-json\/wp\/v2\/media?parent=2917"}],"curies":[{"name":"wp","href":"https:\/\/api.w.org\/{rel}","templated":true}]}}